{"id":4335,"date":"2025-07-23T13:07:51","date_gmt":"2025-07-23T10:07:51","guid":{"rendered":"http:\/\/kontor-lighting.office5c.beget.tech\/?page_id=4335"},"modified":"2025-07-23T13:15:56","modified_gmt":"2025-07-23T10:15:56","slug":"impressum","status":"publish","type":"page","link":"https:\/\/www.kontor-lighting.de\/en\/impressum\/","title":{"rendered":"Imprint"},"content":{"rendered":"<div data-elementor-type=\"wp-page\" data-elementor-id=\"4335\" class=\"elementor elementor-4335\" data-elementor-post-type=\"page\">\n\t\t\t\t<div class=\"elementor-element elementor-element-2fa1a9f1 e-flex e-con-boxed wpr-particle-no wpr-jarallax-no wpr-parallax-no wpr-sticky-section-no wpr-equal-height-no e-con e-parent\" data-id=\"2fa1a9f1\" data-element_type=\"container\" data-e-type=\"container\">\n\t\t\t\t\t<div class=\"e-con-inner\">\n\t\t\t\t<div class=\"elementor-element elementor-element-89ef7b5 elementor-widget elementor-widget-text-editor\" data-id=\"89ef7b5\" data-element_type=\"widget\" data-e-type=\"widget\" data-widget_type=\"text-editor.default\">\n\t\t\t\t<div class=\"elementor-widget-container\">\n\t\t\t\t\t\t\t\t\t<p><strong>Kontor Lighting &amp; Living GmbH<\/strong><br \/>Geschwister-Scholl-Str. 9<br \/>04205 Leipzig<\/p><p>Phone: <a href=\"tel:+4934130874620\">+49 341 30874620<\/a><br \/>Telefax: +49 341 308746219<br \/>E-Mail: <a href=\"mailto:info@kontor-leipzig.de\">info@kontor-leipzig.de<\/a><\/p><p>Managing Director and responsible for the content:<\/p><p>Konstantin Permin, Andreas Permin<\/p><p>Register court: Leipzig District Court, HRB 25227<br \/>Tax number: 232 112 03994 FA Leipzig I<\/p><p>USt.-Id.: DE 199861829<\/p>\t\t\t\t\t\t\t\t<\/div>\n\t\t\t\t<\/div>\n\t\t\t\t<div class=\"elementor-element elementor-element-0d4e05e elementor-widget elementor-widget-button\" data-id=\"0d4e05e\" data-element_type=\"widget\" data-e-type=\"widget\" data-widget_type=\"button.default\">\n\t\t\t\t<div class=\"elementor-widget-container\">\n\t\t\t\t\t\t\t\t\t<div class=\"elementor-button-wrapper\">\n\t\t\t\t\t<a class=\"elementor-button elementor-button-link elementor-size-sm\" href=\"\/en\/haftungsausschluss\/\" target=\"_blank\">\n\t\t\t\t\t\t<span class=\"elementor-button-content-wrapper\">\n\t\t\t\t\t\t\t\t\t<span class=\"elementor-button-text\">Disclaimer<\/span>\n\t\t\t\t\t<\/span>\n\t\t\t\t\t<\/a>\n\t\t\t\t<\/div>\n\t\t\t\t\t\t\t\t<\/div>\n\t\t\t\t<\/div>\n\t\t\t\t\t<\/div>\n\t\t\t\t<\/div>\n\t\t\t\t<\/div>","protected":false},"excerpt":{"rendered":"<p>Kontor Lighting &amp; Living GmbHGeschwister-Scholl-Str. 904205 Leipzig Telefon: +49 341 30874620Telefax: +49 341 308746219E-Mail: info@kontor-leipzig.de Gesch\u00e4ftsf\u00fchrer und verantwortlich f\u00fcr den Inhalt: Konstantin Permin, Andreas Permin<span class=\"more-dots\">&#8230;<\/span> <span class=\"more-tag\"><a class=\"more-link\" href=\"https:\/\/www.kontor-lighting.de\/en\/impressum\/\">Read more<span class=\"screen-reader-text\"> \"Impressum\"<\/span><\/a><\/span><!-- .more-tag --><\/p>","protected":false},"author":1,"featured_media":0,"parent":0,"menu_order":0,"comment_status":"closed","ping_status":"closed","template":"","meta":{"inline_featured_image":false,"footnotes":""},"class_list":["post-4335","page","type-page","status-publish","hentry"],"_links":{"self":[{"href":"https:\/\/www.kontor-lighting.de\/en\/wp-json\/wp\/v2\/pages\/4335","targetHints":{"allow":["GET"]}}],"collection":[{"href":"https:\/\/www.kontor-lighting.de\/en\/wp-json\/wp\/v2\/pages"}],"about":[{"href":"https:\/\/www.kontor-lighting.de\/en\/wp-json\/wp\/v2\/types\/page"}],"author":[{"embeddable":true,"href":"https:\/\/www.kontor-lighting.de\/en\/wp-json\/wp\/v2\/users\/1"}],"replies":[{"embeddable":true,"href":"https:\/\/www.kontor-lighting.de\/en\/wp-json\/wp\/v2\/comments?post=4335"}],"version-history":[{"count":0,"href":"https:\/\/www.kontor-lighting.de\/en\/wp-json\/wp\/v2\/pages\/4335\/revisions"}],"wp:attachment":[{"href":"https:\/\/www.kontor-lighting.de\/en\/wp-json\/wp\/v2\/media?parent=4335"}],"curies":[{"name":"wp","href":"https:\/\/api.w.org\/{rel}","templated":true}]}}